{"id":3213,"date":"2025-04-26T04:42:07","date_gmt":"2025-04-26T03:42:07","guid":{"rendered":"http:\/\/localhost\/foluse\/?page_id=3213"},"modified":"2025-06-22T14:01:01","modified_gmt":"2025-06-22T13:01:01","slug":"notre-histoire","status":"publish","type":"page","link":"https:\/\/foluse.org\/index.php\/notre-histoire\/","title":{"rendered":"Notre histoire"},"content":{"rendered":"\t\t<div data-elementor-type=\"wp-page\" data-elementor-id=\"3213\" class=\"elementor elementor-3213\">\n\t\t\t\t<div class=\"elementor-element elementor-element-4a25e4b e-flex e-con-boxed e-con e-parent\" data-id=\"4a25e4b\" data-element_type=\"container\" data-e-type=\"container\" data-settings=\"{&quot;background_background&quot;:&quot;classic&quot;}\">\n\t\t\t\t\t<div class=\"e-con-inner\">\n\t\t<div class=\"elementor-element elementor-element-ae8acee e-con-full e-flex e-con e-child\" data-id=\"ae8acee\" data-element_type=\"container\" data-e-type=\"container\">\n\t\t\t\t<div class=\"elementor-element elementor-element-cc1fac5 elementor-widget-laptop__width-initial elementor-widget-tablet_extra__width-initial elementor-widget elementor-widget-heading\" data-id=\"cc1fac5\" data-element_type=\"widget\" data-e-type=\"widget\" data-settings=\"{&quot;wdt_animation_effect&quot;:&quot;none&quot;}\" data-widget_type=\"heading.default\">\n\t\t\t\t<div class=\"elementor-widget-container\">\n\t\t\t\t\t<h4 class=\"elementor-heading-title elementor-size-default\">Notre Histoire <\/h4>\t\t\t\t<\/div>\n\t\t\t\t<\/div>\n\t\t\t\t<\/div>\n\t\t\t\t\t<\/div>\n\t\t\t\t<\/div>\n\t\t<div class=\"elementor-element elementor-element-c4272eb e-flex e-con-boxed e-con e-parent\" data-id=\"c4272eb\" data-element_type=\"container\" data-e-type=\"container\">\n\t\t\t\t\t<div class=\"e-con-inner\">\n\t\t<div class=\"elementor-element elementor-element-13a40cd e-grid e-con-full e-con e-child\" data-id=\"13a40cd\" data-element_type=\"container\" data-e-type=\"container\">\n\t\t<div class=\"elementor-element elementor-element-a76844d e-con-full e-flex e-con e-child\" data-id=\"a76844d\" data-element_type=\"container\" data-e-type=\"container\">\n\t\t\t\t<div class=\"elementor-element elementor-element-17beabb elementor-widget elementor-widget-heading\" data-id=\"17beabb\" data-element_type=\"widget\" data-e-type=\"widget\" data-settings=\"{&quot;wdt_animation_effect&quot;:&quot;none&quot;}\" data-widget_type=\"heading.default\">\n\t\t\t\t<div class=\"elementor-widget-container\">\n\t\t\t\t\t<h2 class=\"elementor-heading-title elementor-size-default\">Notre Histoire<\/h2>\t\t\t\t<\/div>\n\t\t\t\t<\/div>\n\t\t\t\t<div class=\"elementor-element elementor-element-de261d4 elementor-widget elementor-widget-text-editor\" data-id=\"de261d4\" data-element_type=\"widget\" data-e-type=\"widget\" data-settings=\"{&quot;wdt_animation_effect&quot;:&quot;none&quot;}\" data-widget_type=\"text-editor.default\">\n\t\t\t\t<div class=\"elementor-widget-container\">\n\t\t\t\t\t\t\t\t\t<p>La naissance de la Fondation Lumi\u00e8re Sport-\u00c9tudes est avant tout celle d\u2019une conviction profonde : la jeunesse centrafricaine m\u00e9rite mieux. Elle m\u00e9rite un avenir, des opportunit\u00e9s, un encadrement. Elle m\u00e9rite surtout de ne plus \u00eatre laiss\u00e9e seule face aux blessures du pass\u00e9 et aux incertitudes de l\u2019avenir.<\/p>\t\t\t\t\t\t\t\t<\/div>\n\t\t\t\t<\/div>\n\t\t<div class=\"elementor-element elementor-element-99c1f28 e-con-full e-flex e-con e-child\" data-id=\"99c1f28\" data-element_type=\"container\" data-e-type=\"container\">\n\t\t\t\t<div class=\"elementor-element elementor-element-11ec880 elementor-widget elementor-widget-text-editor\" data-id=\"11ec880\" data-element_type=\"widget\" data-e-type=\"widget\" data-settings=\"{&quot;wdt_animation_effect&quot;:&quot;none&quot;}\" data-widget_type=\"text-editor.default\">\n\t\t\t\t<div class=\"elementor-widget-container\">\n\t\t\t\t\t\t\t\t\t<p><em>\u00ab Un jeune en train de faire du sport est un esprit ouvert vers le monde et une fen\u00eatre ferm\u00e9e vers la d\u00e9linquance, tout comme un enfant en train d\u2019\u00e9tudier ou se former est une fondation d\u2019une nation paisible et prosp\u00e8re en puissance. \u00bb<\/em><\/p><p>\u2014 <strong data-start=\"605\" data-end=\"625\">J\u00e9sus Konnsimbal<\/strong><\/p>\t\t\t\t\t\t\t\t<\/div>\n\t\t\t\t<\/div>\n\t\t\t\t<\/div>\n\t\t\t\t<\/div>\n\t\t<div class=\"elementor-element elementor-element-106a716 e-con-full e-flex e-con e-child\" data-id=\"106a716\" data-element_type=\"container\" data-e-type=\"container\">\n\t\t<div class=\"elementor-element elementor-element-2843146 e-grid e-con-full e-con e-child\" data-id=\"2843146\" data-element_type=\"container\" data-e-type=\"container\">\n\t\t<div class=\"elementor-element elementor-element-a16fd1b e-con-full e-flex e-con e-child\" data-id=\"a16fd1b\" data-element_type=\"container\" data-e-type=\"container\" data-settings=\"{&quot;background_background&quot;:&quot;classic&quot;,&quot;animation_tablet&quot;:&quot;slideInUp&quot;}\">\n\t\t\t\t<\/div>\n\t\t<div class=\"elementor-element elementor-element-9a1a24a e-con-full elementor-hidden-mobile e-flex e-con e-child\" data-id=\"9a1a24a\" data-element_type=\"container\" data-e-type=\"container\" data-settings=\"{&quot;background_background&quot;:&quot;classic&quot;,&quot;animation_tablet&quot;:&quot;slideInDown&quot;}\">\n\t\t\t\t<\/div>\n\t\t\t\t<\/div>\n\t\t\t\t<\/div>\n\t\t\t\t<\/div>\n\t\t\t\t\t<\/div>\n\t\t\t\t<\/div>\n\t\t<div class=\"elementor-element elementor-element-17f5221 e-flex e-con-boxed e-con e-parent\" data-id=\"17f5221\" data-element_type=\"container\" data-e-type=\"container\">\n\t\t\t\t\t<div class=\"e-con-inner\">\n\t\t<div class=\"elementor-element elementor-element-0fbd7e2 e-grid e-con-full e-con e-child\" data-id=\"0fbd7e2\" data-element_type=\"container\" data-e-type=\"container\">\n\t\t<div class=\"elementor-element elementor-element-3e39924 e-con-full e-flex e-con e-child\" data-id=\"3e39924\" data-element_type=\"container\" data-e-type=\"container\">\n\t\t\t\t<div class=\"elementor-element elementor-element-c927ce7 elementor-widget elementor-widget-text-editor\" data-id=\"c927ce7\" data-element_type=\"widget\" data-e-type=\"widget\" data-settings=\"{&quot;wdt_animation_effect&quot;:&quot;none&quot;}\" data-widget_type=\"text-editor.default\">\n\t\t\t\t<div class=\"elementor-widget-container\">\n\t\t\t\t\t\t\t\t\t<p>La R\u00e9publique Centrafricaine, pays riche en ressources mais meurtri par les conflits successifs, a vu sa jeunesse grandir dans les ruines de la guerre, sous le poids du ch\u00f4mage, de la pauvret\u00e9, de la peur et de l\u2019oubli. L\u00e0 o\u00f9 certains n\u2019ont vu que chaos, d\u2019autres ont vu des graines d\u2019espoir. Parmi eux, <strong data-start=\"1252\" data-end=\"1272\">J\u00e9sus Konnsimbal<\/strong>, footballeur international centrafricain, qui a fait le choix de ne pas d\u00e9tourner le regard.<\/p>\t\t\t\t\t\t\t\t<\/div>\n\t\t\t\t<\/div>\n\t\t\t\t<\/div>\n\t\t<div class=\"elementor-element elementor-element-57264a8 e-con-full e-flex e-con e-child\" data-id=\"57264a8\" data-element_type=\"container\" data-e-type=\"container\" data-settings=\"{&quot;animation_tablet&quot;:&quot;slideInRight&quot;}\">\n\t\t\t\t<div class=\"elementor-element elementor-element-34c1868 elementor-widget elementor-widget-image\" data-id=\"34c1868\" data-element_type=\"widget\" data-e-type=\"widget\" data-settings=\"{&quot;wdt_animation_effect&quot;:&quot;none&quot;}\" data-widget_type=\"image.default\">\n\t\t\t\t<div class=\"elementor-widget-container\">\n\t\t\t\t\t\t\t\t\t\t\t\t\t\t\t<img fetchpriority=\"high\" decoding=\"async\" width=\"1024\" height=\"683\" src=\"https:\/\/foluse.org\/wp-content\/uploads\/2025\/05\/flag-central-african-republic-1024x683.jpg\" class=\"attachment-large size-large wp-image-3475\" alt=\"\" srcset=\"https:\/\/foluse.org\/wp-content\/uploads\/2025\/05\/flag-central-african-republic-1024x683.jpg 1024w, https:\/\/foluse.org\/wp-content\/uploads\/2025\/05\/flag-central-african-republic-300x200.jpg 300w, https:\/\/foluse.org\/wp-content\/uploads\/2025\/05\/flag-central-african-republic-768x512.jpg 768w, https:\/\/foluse.org\/wp-content\/uploads\/2025\/05\/flag-central-african-republic-1536x1024.jpg 1536w, https:\/\/foluse.org\/wp-content\/uploads\/2025\/05\/flag-central-african-republic-2048x1365.jpg 2048w, https:\/\/foluse.org\/wp-content\/uploads\/2025\/05\/flag-central-african-republic-128x85.jpg 128w, https:\/\/foluse.org\/wp-content\/uploads\/2025\/05\/flag-central-african-republic-32x21.jpg 32w, https:\/\/foluse.org\/wp-content\/uploads\/2025\/05\/flag-central-african-republic-1000x667.jpg 1000w\" sizes=\"(max-width: 1024px) 100vw, 1024px\" \/>\t\t\t\t\t\t\t\t\t\t\t\t\t\t\t<\/div>\n\t\t\t\t<\/div>\n\t\t\t\t<\/div>\n\t\t<div class=\"elementor-element elementor-element-04b9e93 e-con-full e-flex e-con e-child\" data-id=\"04b9e93\" data-element_type=\"container\" data-e-type=\"container\" data-settings=\"{&quot;animation_tablet&quot;:&quot;slideInLeft&quot;}\">\n\t\t\t\t<div class=\"elementor-element elementor-element-ac4a081 elementor-widget elementor-widget-image\" data-id=\"ac4a081\" data-element_type=\"widget\" data-e-type=\"widget\" data-settings=\"{&quot;wdt_animation_effect&quot;:&quot;none&quot;}\" data-widget_type=\"image.default\">\n\t\t\t\t<div class=\"elementor-widget-container\">\n\t\t\t\t\t\t\t\t\t\t\t\t\t\t\t<img decoding=\"async\" width=\"900\" height=\"597\" src=\"https:\/\/foluse.org\/wp-content\/uploads\/2025\/05\/WhatsApp-Image-2025-05-08-at-21.44.11-1.jpeg\" class=\"attachment-large size-large wp-image-3453\" alt=\"\" srcset=\"https:\/\/foluse.org\/wp-content\/uploads\/2025\/05\/WhatsApp-Image-2025-05-08-at-21.44.11-1.jpeg 900w, https:\/\/foluse.org\/wp-content\/uploads\/2025\/05\/WhatsApp-Image-2025-05-08-at-21.44.11-1-300x199.jpeg 300w, https:\/\/foluse.org\/wp-content\/uploads\/2025\/05\/WhatsApp-Image-2025-05-08-at-21.44.11-1-768x509.jpeg 768w, https:\/\/foluse.org\/wp-content\/uploads\/2025\/05\/WhatsApp-Image-2025-05-08-at-21.44.11-1-128x85.jpeg 128w, https:\/\/foluse.org\/wp-content\/uploads\/2025\/05\/WhatsApp-Image-2025-05-08-at-21.44.11-1-32x21.jpeg 32w\" sizes=\"(max-width: 900px) 100vw, 900px\" \/>\t\t\t\t\t\t\t\t\t\t\t\t\t\t\t<\/div>\n\t\t\t\t<\/div>\n\t\t\t\t<\/div>\n\t\t<div class=\"elementor-element elementor-element-b5ee0ad e-con-full e-flex e-con e-child\" data-id=\"b5ee0ad\" data-element_type=\"container\" data-e-type=\"container\">\n\t\t\t\t<div class=\"elementor-element elementor-element-521cc2e elementor-widget elementor-widget-text-editor\" data-id=\"521cc2e\" data-element_type=\"widget\" data-e-type=\"widget\" data-settings=\"{&quot;wdt_animation_effect&quot;:&quot;none&quot;}\" data-widget_type=\"text-editor.default\">\n\t\t\t\t<div class=\"elementor-widget-container\">\n\t\t\t\t\t\t\t\t\t<p>Son exp\u00e9rience personnelle, conjugu\u00e9e aux r\u00e9alit\u00e9s du terrain, a mis en lumi\u00e8re une v\u00e9rit\u00e9 douloureuse : en Centrafrique,<strong data-start=\"1489\" data-end=\"1534\"> les anciens sportifs sont souvent oubli\u00e9s<\/strong>, livr\u00e9s \u00e0 eux-m\u00eames apr\u00e8s avoir donn\u00e9 le meilleur d\u2019eux-m\u00eames pour repr\u00e9senter leur pays. Pass\u00e9 l\u2019\u00e2ge d\u2019or, <strong data-start=\"1643\" data-end=\"1728\">ils n\u2019ont ni accompagnement, ni perspective claire de r\u00e9insertion professionnelle<\/strong>. Et ces fins de parcours tragiques finissent par d\u00e9courager les nouvelles g\u00e9n\u00e9rations \u00e0 embrasser une carri\u00e8re sportive.<\/p><p>Mais au-del\u00e0 des athl\u00e8tes, c\u2019est <strong data-start=\"1884\" data-end=\"1906\">toute une jeunesse<\/strong> qui se d\u00e9bat avec les s\u00e9quelles laiss\u00e9es par les crises. D\u00e9scolarisation, marginalisation, ch\u00f4mage massif, angoisses li\u00e9es \u00e0 l\u2019ins\u00e9curit\u00e9\u2026 Le tableau est sombre, mais <strong data-start=\"2074\" data-end=\"2099\">l\u2019action est possible<\/strong>.<\/p>\t\t\t\t\t\t\t\t<\/div>\n\t\t\t\t<\/div>\n\t\t\t\t<\/div>\n\t\t\t\t<\/div>\n\t\t\t\t\t<\/div>\n\t\t\t\t<\/div>\n\t\t<div class=\"elementor-element elementor-element-5cd31fb e-flex e-con-boxed e-con e-parent\" data-id=\"5cd31fb\" data-element_type=\"container\" data-e-type=\"container\">\n\t\t\t\t\t<div class=\"e-con-inner\">\n\t\t<div class=\"elementor-element elementor-element-303e057 e-grid e-con-full e-con e-child\" data-id=\"303e057\" data-element_type=\"container\" data-e-type=\"container\">\n\t\t<div class=\"elementor-element elementor-element-0a65111 e-con-full e-flex e-con e-child\" data-id=\"0a65111\" data-element_type=\"container\" data-e-type=\"container\">\n\t\t\t\t<div class=\"elementor-element elementor-element-253a10d elementor-widget elementor-widget-text-editor\" data-id=\"253a10d\" data-element_type=\"widget\" data-e-type=\"widget\" data-settings=\"{&quot;wdt_animation_effect&quot;:&quot;none&quot;}\" data-widget_type=\"text-editor.default\">\n\t\t\t\t<div class=\"elementor-widget-container\">\n\t\t\t\t\t\t\t\t\t<p>FOLUSE est n\u00e9e d\u2019un constat profond et douloureux, mais porteur d\u2019espoir:<\/p><p>\u2713 Plus de trois d\u00e9cennies de conflits ont laiss\u00e9 une g\u00e9n\u00e9ration de jeunes repr\u00e9sentant la majorit\u00e9 bris\u00e9e, marginalis\u00e9e et trop souvent utilis\u00e9e comme outil et rarement consid\u00e9r\u00e9e comme actrice du changement.<\/p><p>\u2713 La pauvret\u00e9 end\u00e9mique, le ch\u00f4mage, l&rsquo;exclusion politique et la discrimination continuent de condamner notre jeunesse \u00e0 un avenir incertain.<\/p><p>\u2713 Les immenses ressources de notre pays ne profitent pas \u00e9quitablement \u00e0 celles et ceux qui en ont le plus besoin, notamment les jeunes, les femmes, les personnes vuln\u00e9rables.<\/p><p>\u2713 Nous croyons qu\u2019un jeune en d\u00e9tresse n\u2019est pas un jeune perdu. Il ou elle m\u00e9rite une seconde chance : un mentor, une \u00e9coute, un espace pour gu\u00e9rir, apprendre, s\u2019exprimer et construire.<\/p><p>\u2713 Nous refusons de laisser l\u2019histoire se r\u00e9p\u00e9ter et que nous croyons en une R\u00e9publique Centrafricaine o\u00f9 chaque jeune, quelle que soit son origine ou son parcours, peut devenir un artisan de paix, de d\u00e9mocratie et de d\u00e9veloppement \u00e0 travers le sport et les \u00e9tudes.<\/p><p>Foluse est n\u00e9e pour r\u00e9parer, accompagner et redonner espoir \u00e0 cette g\u00e9n\u00e9ration trop longtemps n\u00e9glig\u00e9e!<\/p>\t\t\t\t\t\t\t\t<\/div>\n\t\t\t\t<\/div>\n\t\t\t\t<\/div>\n\t\t<div class=\"elementor-element elementor-element-ed772eb e-con-full e-flex e-con e-child\" data-id=\"ed772eb\" data-element_type=\"container\" data-e-type=\"container\" data-settings=\"{&quot;animation_tablet&quot;:&quot;slideInRight&quot;}\">\n\t\t\t\t<div class=\"elementor-element elementor-element-adfe5cb elementor-widget elementor-widget-image\" data-id=\"adfe5cb\" data-element_type=\"widget\" data-e-type=\"widget\" data-settings=\"{&quot;wdt_animation_effect&quot;:&quot;none&quot;}\" data-widget_type=\"image.default\">\n\t\t\t\t<div class=\"elementor-widget-container\">\n\t\t\t\t\t\t\t\t\t\t\t\t\t\t\t<img decoding=\"async\" width=\"1024\" height=\"682\" src=\"https:\/\/foluse.org\/wp-content\/uploads\/2025\/06\/WhatsApp-Image-2025-06-16-at-06.39.16-4-1024x682.jpeg\" class=\"attachment-large size-large wp-image-4153\" alt=\"\" srcset=\"https:\/\/foluse.org\/wp-content\/uploads\/2025\/06\/WhatsApp-Image-2025-06-16-at-06.39.16-4-1024x682.jpeg 1024w, https:\/\/foluse.org\/wp-content\/uploads\/2025\/06\/WhatsApp-Image-2025-06-16-at-06.39.16-4-300x200.jpeg 300w, https:\/\/foluse.org\/wp-content\/uploads\/2025\/06\/WhatsApp-Image-2025-06-16-at-06.39.16-4-768x512.jpeg 768w, https:\/\/foluse.org\/wp-content\/uploads\/2025\/06\/WhatsApp-Image-2025-06-16-at-06.39.16-4-1536x1024.jpeg 1536w, https:\/\/foluse.org\/wp-content\/uploads\/2025\/06\/WhatsApp-Image-2025-06-16-at-06.39.16-4-2048x1365.jpeg 2048w, https:\/\/foluse.org\/wp-content\/uploads\/2025\/06\/WhatsApp-Image-2025-06-16-at-06.39.16-4-128x85.jpeg 128w, https:\/\/foluse.org\/wp-content\/uploads\/2025\/06\/WhatsApp-Image-2025-06-16-at-06.39.16-4-32x21.jpeg 32w, https:\/\/foluse.org\/wp-content\/uploads\/2025\/06\/WhatsApp-Image-2025-06-16-at-06.39.16-4-1000x666.jpeg 1000w\" sizes=\"(max-width: 1024px) 100vw, 1024px\" \/>\t\t\t\t\t\t\t\t\t\t\t\t\t\t\t<\/div>\n\t\t\t\t<\/div>\n\t\t\t\t<\/div>\n\t\t<div class=\"elementor-element elementor-element-3557c28 e-con-full e-flex e-con e-child\" data-id=\"3557c28\" data-element_type=\"container\" data-e-type=\"container\" data-settings=\"{&quot;animation_tablet&quot;:&quot;slideInLeft&quot;}\">\n\t\t\t\t<div class=\"elementor-element elementor-element-46f81ba elementor-widget elementor-widget-image\" data-id=\"46f81ba\" data-element_type=\"widget\" data-e-type=\"widget\" data-settings=\"{&quot;wdt_animation_effect&quot;:&quot;none&quot;}\" data-widget_type=\"image.default\">\n\t\t\t\t<div class=\"elementor-widget-container\">\n\t\t\t\t\t\t\t\t\t\t\t\t\t\t\t<img loading=\"lazy\" decoding=\"async\" width=\"2560\" height=\"1706\" src=\"https:\/\/foluse.org\/wp-content\/uploads\/2025\/06\/WhatsApp-Image-2025-06-16-at-06.39.16-3.jpeg\" class=\"attachment-full size-full wp-image-4152\" alt=\"\" srcset=\"https:\/\/foluse.org\/wp-content\/uploads\/2025\/06\/WhatsApp-Image-2025-06-16-at-06.39.16-3.jpeg 2560w, https:\/\/foluse.org\/wp-content\/uploads\/2025\/06\/WhatsApp-Image-2025-06-16-at-06.39.16-3-300x200.jpeg 300w, https:\/\/foluse.org\/wp-content\/uploads\/2025\/06\/WhatsApp-Image-2025-06-16-at-06.39.16-3-1024x682.jpeg 1024w, https:\/\/foluse.org\/wp-content\/uploads\/2025\/06\/WhatsApp-Image-2025-06-16-at-06.39.16-3-768x512.jpeg 768w, https:\/\/foluse.org\/wp-content\/uploads\/2025\/06\/WhatsApp-Image-2025-06-16-at-06.39.16-3-1536x1024.jpeg 1536w, https:\/\/foluse.org\/wp-content\/uploads\/2025\/06\/WhatsApp-Image-2025-06-16-at-06.39.16-3-2048x1365.jpeg 2048w, https:\/\/foluse.org\/wp-content\/uploads\/2025\/06\/WhatsApp-Image-2025-06-16-at-06.39.16-3-128x85.jpeg 128w, https:\/\/foluse.org\/wp-content\/uploads\/2025\/06\/WhatsApp-Image-2025-06-16-at-06.39.16-3-32x21.jpeg 32w, https:\/\/foluse.org\/wp-content\/uploads\/2025\/06\/WhatsApp-Image-2025-06-16-at-06.39.16-3-1000x666.jpeg 1000w\" sizes=\"(max-width: 2560px) 100vw, 2560px\" \/>\t\t\t\t\t\t\t\t\t\t\t\t\t\t\t<\/div>\n\t\t\t\t<\/div>\n\t\t\t\t<\/div>\n\t\t<div class=\"elementor-element elementor-element-83c3eef e-con-full e-flex e-con e-child\" data-id=\"83c3eef\" data-element_type=\"container\" data-e-type=\"container\">\n\t\t\t\t<div class=\"elementor-element elementor-element-4d6ca21 elementor-widget elementor-widget-heading\" data-id=\"4d6ca21\" data-element_type=\"widget\" data-e-type=\"widget\" data-settings=\"{&quot;wdt_animation_effect&quot;:&quot;none&quot;}\" data-widget_type=\"heading.default\">\n\t\t\t\t<div class=\"elementor-widget-container\">\n\t\t\t\t\t<h2 class=\"elementor-heading-title elementor-size-default\">Notre r\u00e9ponse : FOLUSE<\/h2>\t\t\t\t<\/div>\n\t\t\t\t<\/div>\n\t\t\t\t<div class=\"elementor-element elementor-element-0d4eb25 elementor-widget elementor-widget-text-editor\" data-id=\"0d4eb25\" data-element_type=\"widget\" data-e-type=\"widget\" data-settings=\"{&quot;wdt_animation_effect&quot;:&quot;none&quot;}\" data-widget_type=\"text-editor.default\">\n\t\t\t\t<div class=\"elementor-widget-container\">\n\t\t\t\t\t\t\t\t\t<p>La <strong data-start=\"2586\" data-end=\"2620\">Fondation Lumi\u00e8re Sport-\u00c9tudes<\/strong>, en abr\u00e9g\u00e9 <strong data-start=\"2632\" data-end=\"2642\">FOLUSE<\/strong>, a vu le jour comme <strong data-start=\"2663\" data-end=\"2716\">un pont entre le sport, l\u2019\u00e9ducation et la dignit\u00e9<\/strong>. Elle est un cri du c\u0153ur, mais surtout une r\u00e9ponse concr\u00e8te \u00e0 une urgence sociale.<\/p><p>Nous avons choisi d\u2019agir. D\u2019agir pour accompagner les sportifs en fin de carri\u00e8re, d\u2019agir pour encourager la pratique du sport-\u00e9tude, d\u2019agir pour cr\u00e9er des passerelles entre passion, formation et insertion professionnelle.<\/p><p><strong data-start=\"3118\" data-end=\"3185\">FOLUSE n\u2019est pas un r\u00eave lointain. C\u2019est une r\u00e9alit\u00e9 en marche.<\/strong> Une lumi\u00e8re dans l\u2019obscurit\u00e9. Un mouvement port\u00e9 par des femmes et des hommes de bonne volont\u00e9, d\u00e9cid\u00e9s \u00e0 b\u00e2tir un avenir meilleur pour les jeunes Centrafricains.<\/p>\t\t\t\t\t\t\t\t<\/div>\n\t\t\t\t<\/div>\n\t\t\t\t<\/div>\n\t\t\t\t<\/div>\n\t\t\t\t\t<\/div>\n\t\t\t\t<\/div>\n\t\t\t\t<\/div>\n\t\t","protected":false},"excerpt":{"rendered":"<p>Notre Histoire Notre Histoire La naissance de la Fondation Lumi\u00e8re Sport-\u00c9tudes est avant tout celle d\u2019une conviction profonde : la jeunesse centrafricaine m\u00e9rite mieux. Elle m\u00e9rite un avenir, des opportunit\u00e9s, [&hellip;]<\/p>\n","protected":false},"author":1,"featured_media":0,"parent":0,"menu_order":0,"comment_status":"closed","ping_status":"closed","template":"elementor_header_footer","meta":{"give_campaign_id":0,"footnotes":""},"class_list":["post-3213","page","type-page","status-publish","hentry"],"campaignId":"","_links":{"self":[{"href":"https:\/\/foluse.org\/index.php\/wp-json\/wp\/v2\/pages\/3213","targetHints":{"allow":["GET"]}}],"collection":[{"href":"https:\/\/foluse.org\/index.php\/wp-json\/wp\/v2\/pages"}],"about":[{"href":"https:\/\/foluse.org\/index.php\/wp-json\/wp\/v2\/types\/page"}],"author":[{"embeddable":true,"href":"https:\/\/foluse.org\/index.php\/wp-json\/wp\/v2\/users\/1"}],"replies":[{"embeddable":true,"href":"https:\/\/foluse.org\/index.php\/wp-json\/wp\/v2\/comments?post=3213"}],"version-history":[{"count":61,"href":"https:\/\/foluse.org\/index.php\/wp-json\/wp\/v2\/pages\/3213\/revisions"}],"predecessor-version":[{"id":4185,"href":"https:\/\/foluse.org\/index.php\/wp-json\/wp\/v2\/pages\/3213\/revisions\/4185"}],"wp:attachment":[{"href":"https:\/\/foluse.org\/index.php\/wp-json\/wp\/v2\/media?parent=3213"}],"curies":[{"name":"wp","href":"https:\/\/api.w.org\/{rel}","templated":true}]}}